{"id":1,"date":"2021-08-18T07:29:20","date_gmt":"2021-08-18T07:29:20","guid":{"rendered":"http:\/\/masterclass.amcivirtual.com\/vod\/?p=1"},"modified":"2022-01-21T12:36:26","modified_gmt":"2022-01-21T18:36:26","slug":"jaime-baksht","status":"publish","type":"page","link":"https:\/\/masterclass.amcivirtual.com\/vod\/jaime-baksht\/","title":{"rendered":"Jaime Baksht"},"content":{"rendered":"\n<p>Baksht naci\u00f3 en la Ciudad de M\u00e9xico en 1969, dentro de una familia jud\u00eda.<\/p>\n\n\n\n<p>Ha trabajado como mezclador de regrabaci\u00f3n de sonido en pel\u00edculas como La primera noche (1998), La ley de Herodes (1999), Sangre (2005), Batalla en el cielo (2005), En el hoyo (2006), El laberinto del fauno (2006), Arr\u00e1ncame la vida (2008), Rudo y Cursi (2008), Abel (2010), La otra familia (2011), Post Tenebras Lux (pel\u00edcula) (2012), Colosio: El asesinato (2012), Club S\u00e1ndwich (2013), Gloria (2014), Me est\u00e1s matando, Susana (2016), Museo (2018), y Ya no estoy aqu\u00ed (2019), entre otros.<\/p>\n\n\n\n<p>Baksht ha sido nominado en varias ocasiones al Premio Ariel al Mejor Sonido, ganando en nueve ocasiones. Gan\u00f3 un Premio Goya (tambi\u00e9n al Mejor Sonido) por El laberinto del fauno (2006).<\/p>\n\n\n\n<p>Fue nominado en dos ocasiones al Premio BAFTA, ganando Mejor sonido por Sound of Metal (2021).<\/p>\n\n\n\n<p>Baksht recibi\u00f3 el Premio de la Academia al Mejor Sonido en los 93 Premios de la Academia por su trabajo en Sound of Metal junto a Nicol\u00e1s Becker, Philip Bladh y los mexicanos Carlos Cort\u00e9s y Michelle Couttolenc.<\/p>\n\n\n\n<div class=\"wp-block-buttons is-content-justification-center is-layout-flex wp-block-buttons-is-layout-flex\">\n<div class=\"wp-block-button is-style-outline is-style-outline--1\"><a class=\"wp-block-button__link\" href=\"https:\/\/masterclass.amcivirtual.com\/vod\/inscribete\/\">Inscr\u00edbete aqu\u00ed<\/a><\/div>\n<\/div>\n\n\n\n<p><\/p>\n","protected":false},"excerpt":{"rendered":"<p>Baksht naci\u00f3 en la Ciudad de M\u00e9xico en 1969, dentro de una familia jud\u00eda. Ha trabajado como mezclador de regrabaci\u00f3n de sonido en pel\u00edculas como La primera noche (1998), La ley de Herodes (1999), Sangre (2005), Batalla en el cielo (2005), En el hoyo (2006), El laberinto del fauno (2006), Arr\u00e1ncame la vida (2008), Rudo y Cursi (2008), Abel (2010),<\/p>\n<p class=\"more-link\"><a href=\"https:\/\/masterclass.amcivirtual.com\/vod\/jaime-baksht\/\" class=\"readmore\">Seguir leyendo<svg class=\"icon icon-arrow-right\" aria-hidden=\"true\" role=\"img\"> <use href=\"#icon-arrow-right\" xlink:href=\"#icon-arrow-right\"><\/use> <\/svg><span class=\"screen-reader-text\">Jaime Baksht<\/span><\/a><\/p>\n","protected":false},"author":1,"featured_media":277,"parent":0,"menu_order":0,"comment_status":"open","ping_status":"open","template":"","meta":{"footnotes":""},"class_list":["post-1","page","type-page","status-publish","has-post-thumbnail","hentry"],"_links":{"self":[{"href":"https:\/\/masterclass.amcivirtual.com\/vod\/wp-json\/wp\/v2\/pages\/1","targetHints":{"allow":["GET"]}}],"collection":[{"href":"https:\/\/masterclass.amcivirtual.com\/vod\/wp-json\/wp\/v2\/pages"}],"about":[{"href":"https:\/\/masterclass.amcivirtual.com\/vod\/wp-json\/wp\/v2\/types\/page"}],"author":[{"embeddable":true,"href":"https:\/\/masterclass.amcivirtual.com\/vod\/wp-json\/wp\/v2\/users\/1"}],"replies":[{"embeddable":true,"href":"https:\/\/masterclass.amcivirtual.com\/vod\/wp-json\/wp\/v2\/comments?post=1"}],"version-history":[{"count":2,"href":"https:\/\/masterclass.amcivirtual.com\/vod\/wp-json\/wp\/v2\/pages\/1\/revisions"}],"predecessor-version":[{"id":119,"href":"https:\/\/masterclass.amcivirtual.com\/vod\/wp-json\/wp\/v2\/pages\/1\/revisions\/119"}],"wp:featuredmedia":[{"embeddable":true,"href":"https:\/\/masterclass.amcivirtual.com\/vod\/wp-json\/wp\/v2\/media\/277"}],"wp:attachment":[{"href":"https:\/\/masterclass.amcivirtual.com\/vod\/wp-json\/wp\/v2\/media?parent=1"}],"curies":[{"name":"wp","href":"https:\/\/api.w.org\/{rel}","templated":true}]}}