{"id":106,"date":"2021-10-20T01:25:09","date_gmt":"2021-10-20T07:25:09","guid":{"rendered":"https:\/\/masterclass.amcivirtual.com\/vod\/?page_id=106"},"modified":"2022-01-07T14:33:40","modified_gmt":"2022-01-07T20:33:40","slug":"inscribete","status":"publish","type":"page","link":"https:\/\/masterclass.amcivirtual.com\/vod\/inscribete\/","title":{"rendered":"Inscr\u00edbete a AMCI Master Class &#8211; Sonido"},"content":{"rendered":"\n<blockquote class=\"wp-block-quote is-layout-flow wp-block-quote-is-layout-flow\"><p><strong>Nota: Si ya te inscribiste a AMCI Master Class, los datos de acceso llegar\u00e1n por correo electr\u00f3nico en breve. Si tienes alguna duda, escribe a sistemasamci@gmail.com.<\/strong><\/p><\/blockquote>\n\n\n\n<div class=\"wp-block-image\"><figure class=\"aligncenter size-full is-resized\"><img loading=\"lazy\" decoding=\"async\" src=\"https:\/\/masterclass.amcivirtual.com\/vod\/wp-content\/uploads\/2022\/01\/60descuento_v2.png\" alt=\"\" class=\"wp-image-257\" width=\"513\" height=\"154\" srcset=\"https:\/\/masterclass.amcivirtual.com\/vod\/wp-content\/uploads\/2022\/01\/60descuento_v2.png 400w, https:\/\/masterclass.amcivirtual.com\/vod\/wp-content\/uploads\/2022\/01\/60descuento_v2-300x90.png 300w\" sizes=\"auto, (max-width: 513px) 100vw, 513px\" \/><\/figure><\/div>\n\n\n\n<p>Para tener tu clave de usuario, y acceder a AMCI Master Class Sonido, llena este formulario.<br>Debido a que la modalidad del curso es \u00ab<em>class on demand<\/em>\u00ab, tendr\u00e1s <strong>72 horas<\/strong> para disfrutar el contenido en el horario que m\u00e1s te convenga, al t\u00e9rmino de las cuales, no podr\u00e1s volver a acceder al curso.<\/p>\n\n\n\n<p>Una vez accediendo que hayas visto el curso, podr\u00e1s imprimir tu diploma. <strong>Ten en cuenta que el nombre escrito en este formulario, ser\u00e1 tal cual el nombre al que se emita el documento.<\/strong><\/p>\n\n\n\n<p>Despu\u00e9s de enviar tus datos, recibir\u00e1s un mensaje de bienvenida, el cual puede tomar un m\u00e1ximo de <strong>24 horas para su procesamiento<\/strong>, por lo que te pedimos paciencia. Es importante que revises tu bandeja de Spam o correo no deseado, especialmente si usas una direcci\u00f3n de Gmail o Hotmail.<\/p>\n\n\n\n<p class=\"has-text-align-center\"><sub>Para tu tranquilidad, te recordamos que el servidor de pagos es operado por <a href=\"https:\/\/stripe.com\">stripe<\/a> y cuenta con todos los est\u00e1ndares de seguridad inform\u00e1tica, para que tu informaci\u00f3n est\u00e9 segura  en todo momento.<\/sub><\/p>\n\n\n\n<div class=\"wp-block-image\"><figure class=\"aligncenter size-full\"><img loading=\"lazy\" decoding=\"async\" width=\"600\" height=\"64\" src=\"https:\/\/masterclass.amcivirtual.com\/vod\/wp-content\/uploads\/2021\/10\/pasarela_pagos.png\" alt=\"\" class=\"wp-image-108\" title=\"opciones de pago\" srcset=\"https:\/\/masterclass.amcivirtual.com\/vod\/wp-content\/uploads\/2021\/10\/pasarela_pagos.png 600w, https:\/\/masterclass.amcivirtual.com\/vod\/wp-content\/uploads\/2021\/10\/pasarela_pagos-300x32.png 300w\" sizes=\"auto, (max-width: 600px) 100vw, 600px\" \/><\/figure><\/div>\n\n\n<div id='wufoo-rzmvcnf0a5rz66'>\nFill out my <a href='http:\/\/cineastamex.wufoo.com\/forms\/rzmvcnf0a5rz66'>online form<\/a>.\n<\/div>\n<script type='text\/javascript'>var rzmvcnf0a5rz66;(function(d, t) {\nvar s = d.createElement(t), options = {\n'userName'      : 'cineastamex',    \n'formHash'      : 'rzmvcnf0a5rz66',    \n'autoResize'    :  true,   \n'height'        : '885',      \n'async'         :  true,          \n'header'        : 'show',      \n'host'          : 'wufoo.com',    \n'entSource'     : 'wordpress',   \n'defaultValues' : ''     \n,'ssl'          :  true           };\ns.src = ('https:' == d.location.protocol ? 'https:\/\/' : 'http:\/\/') + 'secure.wufoo.com\/scripts\/embed\/form.js';\ns.onload = s.onreadystatechange = function() {\nvar rs = this.readyState; if (rs) if (rs != 'complete') if (rs != 'loaded') return;\ntry { rzmvcnf0a5rz66 = new WufooForm();rzmvcnf0a5rz66.initialize(options);rzmvcnf0a5rz66.display(); } catch (e) {}}\nvar scr = d.getElementsByTagName(t)[0], par = scr.parentNode; par.insertBefore(s, scr);\n})(document, 'script');<\/script> <noscript> <iframe height=\"885\" allowTransparency=\"true\" frameborder=\"0\" scrolling=\"no\" style=\"width:100%;border:none;\"src=\"https:\/\/cineastamex.wufoo.com\/embed\/rzmvcnf0a5rz66\/def\/entsource=wordpress\"><a href=\"https:\/\/cineastamex.wufoo.com\/forms\/rzmvcnf0a5rz66\/def\/entsource=wordpress\" rel=\"nofollow\">Fill out my Wufoo form!<\/a><\/iframe> <\/noscript>\n\n\n\n<div style=\"height:52px\" aria-hidden=\"true\" class=\"wp-block-spacer\"><\/div>\n\n\n\n<pre class=\"wp-block-verse\">Despu\u00e9s de enviar tus datos, recibir\u00e1s un mensaje de bienvenida, el cual puede tomar un m\u00e1ximo de <strong>24 horas para su procesamiento<\/strong>, por lo que te pedimos paciencia. Es importante que revises tu bandeja de Spam o correo no deseado, especialmente si usas una direcci\u00f3n de Gmail o Hotmail.<\/pre>\n","protected":false},"excerpt":{"rendered":"<p>Nota: Si ya te inscribiste a AMCI Master Class, los datos de acceso llegar\u00e1n por correo electr\u00f3nico en breve. Si tienes alguna duda, escribe a sistemasamci@gmail.com. Para tener tu clave de usuario, y acceder a AMCI Master Class Sonido, llena este formulario.Debido a que la modalidad del curso es \u00abclass on demand\u00ab, tendr\u00e1s 72 horas para disfrutar el contenido en<\/p>\n<p class=\"more-link\"><a href=\"https:\/\/masterclass.amcivirtual.com\/vod\/inscribete\/\" class=\"readmore\">Seguir leyendo<svg class=\"icon icon-arrow-right\" aria-hidden=\"true\" role=\"img\"> <use href=\"#icon-arrow-right\" xlink:href=\"#icon-arrow-right\"><\/use> <\/svg><span class=\"screen-reader-text\">Inscr\u00edbete a AMCI Master Class &#8211; Sonido<\/span><\/a><\/p>\n","protected":false},"author":1,"featured_media":0,"parent":0,"menu_order":0,"comment_status":"closed","ping_status":"closed","template":"","meta":{"footnotes":""},"class_list":["post-106","page","type-page","status-publish","hentry"],"_links":{"self":[{"href":"https:\/\/masterclass.amcivirtual.com\/vod\/wp-json\/wp\/v2\/pages\/106","targetHints":{"allow":["GET"]}}],"collection":[{"href":"https:\/\/masterclass.amcivirtual.com\/vod\/wp-json\/wp\/v2\/pages"}],"about":[{"href":"https:\/\/masterclass.amcivirtual.com\/vod\/wp-json\/wp\/v2\/types\/page"}],"author":[{"embeddable":true,"href":"https:\/\/masterclass.amcivirtual.com\/vod\/wp-json\/wp\/v2\/users\/1"}],"replies":[{"embeddable":true,"href":"https:\/\/masterclass.amcivirtual.com\/vod\/wp-json\/wp\/v2\/comments?post=106"}],"version-history":[{"count":44,"href":"https:\/\/masterclass.amcivirtual.com\/vod\/wp-json\/wp\/v2\/pages\/106\/revisions"}],"predecessor-version":[{"id":264,"href":"https:\/\/masterclass.amcivirtual.com\/vod\/wp-json\/wp\/v2\/pages\/106\/revisions\/264"}],"wp:attachment":[{"href":"https:\/\/masterclass.amcivirtual.com\/vod\/wp-json\/wp\/v2\/media?parent=106"}],"curies":[{"name":"wp","href":"https:\/\/api.w.org\/{rel}","templated":true}]}}