{"id":133,"date":"2021-10-27T13:44:26","date_gmt":"2021-10-27T19:44:26","guid":{"rendered":"https:\/\/masterclass.amcivirtual.com\/vod\/?p=133"},"modified":"2021-11-17T20:05:51","modified_gmt":"2021-11-18T02:05:51","slug":"trailer-amci-master-class-sonido","status":"publish","type":"page","link":"https:\/\/masterclass.amcivirtual.com\/vod\/trailer-amci-master-class-sonido\/","title":{"rendered":"Ve el Trailer de AMCI Master Class &#8211; Sonido"},"content":{"rendered":"\n<figure class=\"wp-block-embed is-type-video is-provider-vimeo wp-block-embed-vimeo wp-embed-aspect-16-9 wp-has-aspect-ratio\"><div class=\"wp-block-embed__wrapper\">\n<iframe loading=\"lazy\" src=\"https:\/\/player.vimeo.com\/video\/647124580?h=10400c510f&amp;dnt=1&amp;app_id=122963\" width=\"920\" height=\"518\" frameborder=\"0\" allow=\"autoplay; fullscreen; picture-in-picture\" allowfullscreen><\/iframe>\n<\/div><\/figure>\n\n\n\n<p class=\"has-text-align-center\"><strong><a href=\"https:\/\/masterclass.amcivirtual.com\/vod\/inscribete\/\">Inscr\u00edbete ya<\/a><\/strong><\/p>\n\n\n\n<p class=\"has-text-align-center\">Explora los temas m\u00e1s importantes de la producci\u00f3n sonora en las grandes producciones de corte mundial, de la mano de uno de los ganadores del Premio de la Academia.<\/p>\n\n\n\n<p class=\"has-text-align-center\">Se trata de una oportunidad \u00fanica para que conozcas m\u00e1s sobre este apasionante tema.<\/p>\n\n\n\n<div class=\"wp-block-buttons is-content-justification-center is-layout-flex wp-block-buttons-is-layout-flex\">\n<div class=\"wp-block-button is-style-outline is-style-outline--1\"><a class=\"wp-block-button__link\" href=\"https:\/\/masterclass.amcivirtual.com\/vod\/inscribete\/\">Inscr\u00edbete aqu\u00ed<\/a><\/div>\n<\/div>\n","protected":false},"excerpt":{"rendered":"<p>Inscr\u00edbete ya Explora los temas m\u00e1s importantes de la producci\u00f3n sonora en las grandes producciones de corte mundial, de la mano de uno de los ganadores del Premio de la Academia. Se trata de una oportunidad \u00fanica para que conozcas m\u00e1s sobre este apasionante tema.<\/p>\n","protected":false},"author":1,"featured_media":137,"parent":0,"menu_order":0,"comment_status":"closed","ping_status":"closed","template":"","meta":{"footnotes":""},"class_list":["post-133","page","type-page","status-publish","has-post-thumbnail","hentry"],"_links":{"self":[{"href":"https:\/\/masterclass.amcivirtual.com\/vod\/wp-json\/wp\/v2\/pages\/133","targetHints":{"allow":["GET"]}}],"collection":[{"href":"https:\/\/masterclass.amcivirtual.com\/vod\/wp-json\/wp\/v2\/pages"}],"about":[{"href":"https:\/\/masterclass.amcivirtual.com\/vod\/wp-json\/wp\/v2\/types\/page"}],"author":[{"embeddable":true,"href":"https:\/\/masterclass.amcivirtual.com\/vod\/wp-json\/wp\/v2\/users\/1"}],"replies":[{"embeddable":true,"href":"https:\/\/masterclass.amcivirtual.com\/vod\/wp-json\/wp\/v2\/comments?post=133"}],"version-history":[{"count":6,"href":"https:\/\/masterclass.amcivirtual.com\/vod\/wp-json\/wp\/v2\/pages\/133\/revisions"}],"predecessor-version":[{"id":172,"href":"https:\/\/masterclass.amcivirtual.com\/vod\/wp-json\/wp\/v2\/pages\/133\/revisions\/172"}],"wp:featuredmedia":[{"embeddable":true,"href":"https:\/\/masterclass.amcivirtual.com\/vod\/wp-json\/wp\/v2\/media\/137"}],"wp:attachment":[{"href":"https:\/\/masterclass.amcivirtual.com\/vod\/wp-json\/wp\/v2\/media?parent=133"}],"curies":[{"name":"wp","href":"https:\/\/api.w.org\/{rel}","templated":true}]}}